{"id":1954,"date":"2020-01-10T11:37:03","date_gmt":"2020-01-10T15:37:03","guid":{"rendered":"http:\/\/workshops.itransforma.org\/?page_id=1954"},"modified":"2021-02-15T13:33:27","modified_gmt":"2021-02-15T17:33:27","slug":"consultoria-personas","status":"publish","type":"page","link":"https:\/\/workshops.cl\/site\/consultoria-personas\/","title":{"rendered":"Consultor\u00eda Personas"},"content":{"rendered":"<p>[vc_row][vc_column width=&#8221;1\/2&#8243;][vc_empty_space height=&#8221;36px&#8221;][vc_column_text]<\/p>\n<p style=\"text-align: justify;\"><span style=\"font-size: 18pt;\">Nuestra consultor\u00eda se caracteriza por el dise\u00f1o, construcci\u00f3n e implementaci\u00f3n de productos, que desde el core bussines de la empresa, les provea a las unidades funcionales y clientes internos de las Gerencias de Personas, herramientas pr\u00e1cticas, simples y \u00fatiles para movilizar los resultados que la alta gerencia les demanda<\/span><\/p>\n<p>[\/vc_column_text][vc_empty_space][vc_single_image image=&#8221;1543&#8243; img_size=&#8221;full&#8221; alignment=&#8221;center&#8221;][\/vc_column][vc_column width=&#8221;1\/4&#8243;]<div id=\"mpc_connected_icons-6669ecd98eada55\" class=\"mpc-connected-icons mpc-init mpc-transition \"  data-ci-cols=\"4\" data-target=\"icon\" data-layout=\"vertical\"><div class=\"mpc-connected-icons__line\"><span><\/span><\/div><div data-id=\"mpc_icon_column-2469ecd98eadeb1\" class=\"mpc-icon-column mpc-init mpc-parent-hover mpc-transition mpc-icon-column--style_5 mpc-align--right \" ><div data-id=\"mpc_icon-7269ecd98eaeb79\" class=\"mpc-icon mpc-init mpc-transition mpc-effect-none mpc-icon--image \"><div class=\"mpc-icon-wrap\"><i class=\"mpc-icon-part mpc-regular mpc-transition \"><img class=\"\" src=\"https:\/\/workshops.cl\/site\/wp-content\/uploads\/2020\/02\/COACHING-100x100.png\" width=\"100\" height=\"100\" alt=\"COACHING\" title=\"COACHING\" \/><\/i><\/div><\/div><div class=\"mpc-icon-column__content-wrap\"><div class=\"mpc-icon-column__content\"><div class=\"mpc-icon-column__description mpc-transition\"><p><span style=\"color: #ffffff;\">.<\/span><\/p>\n<h3 class=\"mpc-icon-column__heading mpc-transition\">Coaching<\/h3>\n<\/div><\/div><\/div><\/div><div data-id=\"mpc_icon_column-8069ecd98eaf3f7\" class=\"mpc-icon-column mpc-init mpc-parent-hover mpc-transition mpc-icon-column--style_5 mpc-align--right \" ><div data-id=\"mpc_icon-869ecd98eaff7a\" class=\"mpc-icon mpc-init mpc-transition mpc-effect-none mpc-icon--image \"><div class=\"mpc-icon-wrap\"><i class=\"mpc-icon-part mpc-regular mpc-transition \"><img class=\"\" src=\"https:\/\/workshops.cl\/site\/wp-content\/uploads\/2020\/02\/MODELO-POTENCIAL-DE-DESARROLLO-100x100.png\" width=\"100\" height=\"100\" alt=\"MODELO POTENCIAL DE DESARROLLO\" title=\"MODELO POTENCIAL DE DESARROLLO\" \/><\/i><\/div><\/div><div class=\"mpc-icon-column__content-wrap\"><div class=\"mpc-icon-column__content\"><div class=\"mpc-icon-column__description mpc-transition\"><p><span style=\"color: #ffffff;\">.<\/span><\/p>\n<h3 class=\"mpc-icon-column__heading mpc-transition\">Potencial de Desarrollo<\/h3>\n<\/div><\/div><\/div><\/div><div data-id=\"mpc_icon_column-4969ecd98eb0931\" class=\"mpc-icon-column mpc-init mpc-parent-hover mpc-transition mpc-icon-column--style_5 mpc-align--right \" ><div data-id=\"mpc_icon-5669ecd98eb14e6\" class=\"mpc-icon mpc-init mpc-transition mpc-effect-none mpc-icon--image \"><div class=\"mpc-icon-wrap\"><i class=\"mpc-icon-part mpc-regular mpc-transition \"><img class=\"\" src=\"https:\/\/workshops.cl\/site\/wp-content\/uploads\/2020\/02\/MODELO-COMPETENCIAS-100x100.png\" width=\"100\" height=\"100\" alt=\"MODELO COMPETENCIAS\" title=\"MODELO COMPETENCIAS\" \/><\/i><\/div><\/div><div class=\"mpc-icon-column__content-wrap\"><div class=\"mpc-icon-column__content\"><div class=\"mpc-icon-column__description mpc-transition\"><p><span style=\"color: #ffffff;\">.<\/span><\/p>\n<h3 class=\"mpc-icon-column__heading mpc-transition\">Modelo de Competencias<\/h3>\n<\/div><\/div><\/div><\/div><div data-id=\"mpc_icon_column-3569ecd98eb1cb7\" class=\"mpc-icon-column mpc-init mpc-parent-hover mpc-transition mpc-icon-column--style_5 mpc-align--right \" ><div data-id=\"mpc_icon-3569ecd98eb286d\" class=\"mpc-icon mpc-init mpc-transition mpc-effect-none mpc-icon--image \"><div class=\"mpc-icon-wrap\"><i class=\"mpc-icon-part mpc-regular mpc-transition \"><img class=\"\" src=\"https:\/\/workshops.cl\/site\/wp-content\/uploads\/2020\/02\/MATRIZ-COMPORTAMIENTOS-CR\u00cdTICOS-100x100.png\" width=\"100\" height=\"100\" alt=\"MATRIZ COMPORTAMIENTOS CR\u00cdTICOS\" title=\"MATRIZ COMPORTAMIENTOS CR\u00cdTICOS\" \/><\/i><\/div><\/div><div class=\"mpc-icon-column__content-wrap\"><div class=\"mpc-icon-column__content\"><div class=\"mpc-icon-column__description mpc-transition\"><p><span style=\"color: #ffffff;\">.<\/span><\/p>\n<h3 class=\"mpc-icon-column__heading mpc-transition\">Comportamientos Cr\u00edticos<\/h3>\n<\/div><\/div><\/div><\/div><\/div>[\/vc_column][vc_column width=&#8221;1\/4&#8243;]<div id=\"mpc_connected_icons-4469ecd98eb2c51\" class=\"mpc-connected-icons mpc-init mpc-transition \"  data-ci-cols=\"4\" data-target=\"icon\" data-layout=\"vertical\"><div class=\"mpc-connected-icons__line\"><span><\/span><\/div><div data-id=\"mpc_icon_column-8369ecd98eb3422\" class=\"mpc-icon-column mpc-init mpc-parent-hover mpc-transition mpc-icon-column--style_3 mpc-align--left \" ><div data-id=\"mpc_icon-6869ecd98eb4049\" class=\"mpc-icon mpc-init mpc-transition mpc-effect-none mpc-icon--image \"><div class=\"mpc-icon-wrap\"><i class=\"mpc-icon-part mpc-regular mpc-transition \"><img class=\"\" src=\"https:\/\/workshops.cl\/site\/wp-content\/uploads\/2020\/02\/MODELO-GESTI\u00d3N-DEL-DESEMPE\u00d1O-100x100.png\" width=\"100\" height=\"100\" alt=\"MODELO GESTI\u00d3N DEL DESEMPE\u00d1O\" title=\"MODELO GESTI\u00d3N DEL DESEMPE\u00d1O\" \/><\/i><\/div><\/div><div class=\"mpc-icon-column__content-wrap\"><div class=\"mpc-icon-column__content\"><div class=\"mpc-icon-column__description mpc-transition\"><p><span style=\"color: #ffffff;\">.<\/span><\/p>\n<h3 class=\"mpc-icon-column__heading mpc-transition\">Gesti\u00f3n del Desempe\u00f1o<\/h3>\n<\/div><\/div><\/div><\/div><div data-id=\"mpc_icon_column-3169ecd98eb4b92\" class=\"mpc-icon-column mpc-init mpc-parent-hover mpc-transition mpc-icon-column--style_3 mpc-align--left \" ><div data-id=\"mpc_icon-9269ecd98eb5360\" class=\"mpc-icon mpc-init mpc-transition mpc-effect-none mpc-icon--image \"><div class=\"mpc-icon-wrap\"><i class=\"mpc-icon-part mpc-regular mpc-transition \"><img class=\"\" src=\"https:\/\/workshops.cl\/site\/wp-content\/uploads\/2020\/02\/MISI\u00d3N-Y-PILARES-EQUIPOS-EFECTIVOS-100x100.png\" width=\"100\" height=\"100\" alt=\"MISI\u00d3N Y PILARES EQUIPOS EFECTIVOS\" title=\"MISI\u00d3N Y PILARES EQUIPOS EFECTIVOS\" \/><\/i><\/div><\/div><div class=\"mpc-icon-column__content-wrap\"><div class=\"mpc-icon-column__content\"><div class=\"mpc-icon-column__description mpc-transition\"><p><span style=\"color: #ffffff;\">.<\/span><\/p>\n<h3 class=\"mpc-icon-column__heading mpc-transition\">Misi\u00f3n y Pilares<\/h3>\n<\/div><\/div><\/div><\/div><div data-id=\"mpc_icon_column-9369ecd98eb5b49\" class=\"mpc-icon-column mpc-init mpc-parent-hover mpc-transition mpc-icon-column--style_3 mpc-align--left \" ><div data-id=\"mpc_icon-2669ecd98ebb50a\" class=\"mpc-icon mpc-init mpc-transition mpc-effect-none mpc-icon--image \"><div class=\"mpc-icon-wrap\"><i class=\"mpc-icon-part mpc-regular mpc-transition \"><img class=\"\" src=\"https:\/\/workshops.cl\/site\/wp-content\/uploads\/2020\/02\/DISE\u00d1O-INSTRUCCIONAL-100x100.png\" width=\"100\" height=\"100\" alt=\"DISE\u00d1O INSTRUCCIONAL\" title=\"DISE\u00d1O INSTRUCCIONAL\" \/><\/i><\/div><\/div><div class=\"mpc-icon-column__content-wrap\"><div class=\"mpc-icon-column__content\"><div class=\"mpc-icon-column__description mpc-transition\"><p><span style=\"color: #ffffff;\">.<\/span><\/p>\n<h3 class=\"mpc-icon-column__heading mpc-transition\">Dise\u00f1o Instruccional<\/h3>\n<\/div><\/div><\/div><\/div><div data-id=\"mpc_icon_column-8169ecd98ebc0c2\" class=\"mpc-icon-column mpc-init mpc-parent-hover mpc-transition mpc-icon-column--style_3 mpc-align--left \" ><div data-id=\"mpc_icon-6969ecd98ebc894\" class=\"mpc-icon mpc-init mpc-transition mpc-effect-none mpc-icon--image \"><div class=\"mpc-icon-wrap\"><i class=\"mpc-icon-part mpc-regular mpc-transition \"><img class=\"\" src=\"https:\/\/workshops.cl\/site\/wp-content\/uploads\/2020\/02\/PROGRAMA-OUTPLACEMENT-COLABORADORES-100x100.png\" width=\"100\" height=\"100\" alt=\"PROGRAMA OUTPLACEMENT COLABORADORES\" title=\"PROGRAMA OUTPLACEMENT COLABORADORES\" \/><\/i><\/div><\/div><div class=\"mpc-icon-column__content-wrap\"><div class=\"mpc-icon-column__content\"><div class=\"mpc-icon-column__description mpc-transition\"><p><span style=\"color: #ffffff;\">.<\/span><\/p>\n<h3 class=\"mpc-icon-column__heading mpc-transition\">Outplacement Colaboradores<\/h3>\n<\/div><\/div><\/div><\/div><\/div>[\/vc_column][\/vc_row]<\/p>\n","protected":false},"excerpt":{"rendered":"<p>[vc_row][vc_column width=&#8221;1\/2&#8243;][vc_empty_space height=&#8221;36px&#8221;][vc_column_text] Nuestra consultor\u00eda se caracteriza por el dise\u00f1o, construcci\u00f3n e implementaci\u00f3n de productos, que desde el core bussines<\/p>\n","protected":false},"author":1,"featured_media":0,"parent":0,"menu_order":0,"comment_status":"closed","ping_status":"closed","template":"","meta":[],"_links":{"self":[{"href":"https:\/\/workshops.cl\/site\/wp-json\/wp\/v2\/pages\/1954"}],"collection":[{"href":"https:\/\/workshops.cl\/site\/wp-json\/wp\/v2\/pages"}],"about":[{"href":"https:\/\/workshops.cl\/site\/wp-json\/wp\/v2\/types\/page"}],"author":[{"embeddable":true,"href":"https:\/\/workshops.cl\/site\/wp-json\/wp\/v2\/users\/1"}],"replies":[{"embeddable":true,"href":"https:\/\/workshops.cl\/site\/wp-json\/wp\/v2\/comments?post=1954"}],"version-history":[{"count":19,"href":"https:\/\/workshops.cl\/site\/wp-json\/wp\/v2\/pages\/1954\/revisions"}],"predecessor-version":[{"id":3438,"href":"https:\/\/workshops.cl\/site\/wp-json\/wp\/v2\/pages\/1954\/revisions\/3438"}],"wp:attachment":[{"href":"https:\/\/workshops.cl\/site\/wp-json\/wp\/v2\/media?parent=1954"}],"curies":[{"name":"wp","href":"https:\/\/api.w.org\/{rel}","templated":true}]}}